{"id":87,"date":"2022-05-14T22:04:21","date_gmt":"2022-05-14T22:04:21","guid":{"rendered":"https:\/\/unofficialmedia.biz\/?page_id=87"},"modified":"2025-04-15T15:51:33","modified_gmt":"2025-04-15T15:51:33","slug":"home","status":"publish","type":"page","link":"https:\/\/unofficialmedia.biz\/","title":{"rendered":"Home"},"content":{"rendered":"\n\n\t\t\t\t<img loading=\"lazy\" decoding=\"async\" src=\"https:\/\/unofficialmedia.biz\/wp-content\/uploads\/2022\/02\/logo-BN-transp-BLANCO.png\" alt=\"logo BN transp BLANCO\" itemprop=\"image\" height=\"403\" width=\"779\" title=\"logo BN transp BLANCO\" onerror=\"this.style.display='none'\"  \/>\n<h1>\n\t\tMarketing. Creatividad. Producci\u00f3n.\n\t<\/h1>\n<h3>\n\t\tServicios especializados para la industria del entretenimiento\n\t<\/h3>\n<h1>\n\t\tNUESTROS SERVICIOS\n\t<\/h1>\n\t<h3>contenido<\/h3>\t\t\n\t\t\t<h4>Desarrollo y gesti\u00f3n de contenido multiplataforma<\/h4>\n\t<h3>marketing musical<\/h3>\t\t\n\t\t\t<h4>Desarrollo de estrategias de marketing y\u00a0 project management<\/h4>\n\t<h3>producci\u00f3n<\/h3>\t\t\n\t\t\t<h4>Producciones de eventos y conferencias musicales y otras industrias<\/h4>\n<h1>\n\t\tQUI\u00c9NES SOMOS\n\t<\/h1>\n\t<h3><strong>Fundadores: Julio Mu\u00f1iz y Ana Luisa Pati\u00f1o<\/strong><\/h3>\n<p>&nbsp;<\/p>\n<p>Ejecutivos de la industria de la m\u00fasica y medios. Desde Miami, FL, trabajamos con clientes de todos los mercados de habla hispana.<\/p>\n\t\t\t\t<img loading=\"lazy\" decoding=\"async\" src=\"https:\/\/unofficialmedia.biz\/wp-content\/uploads\/2022\/02\/3-1.png\" alt=\"3\" itemprop=\"image\" height=\"1080\" width=\"1080\" title=\"3\" onerror=\"this.style.display='none'\"  \/>\n<h3>\n\t\tJulio Mu\u00f1iz\n\t<\/h3>\n\t<p>ESTRATEGIA DE MARKETING &amp; DIRECCI\u00d3N CREATIVA<\/p>\n\t\t\t\t<img loading=\"lazy\" decoding=\"async\" src=\"https:\/\/unofficialmedia.biz\/wp-content\/uploads\/2022\/02\/2-1.png\" alt=\"2\" itemprop=\"image\" height=\"1080\" width=\"1080\" title=\"2\" onerror=\"this.style.display='none'\"  \/>\n<h3>\n\t\tAna Luisa Pati\u00f1o\n\t<\/h3>\n\t<p>OPERACIONES &amp; ESTRATEGIA DE CONTENIDO<\/p>\n\t\t\t\t<img loading=\"lazy\" decoding=\"async\" src=\"https:\/\/unofficialmedia.biz\/wp-content\/uploads\/2025\/04\/Alina-web.png\" alt=\"Alina web\" itemprop=\"image\" height=\"1365\" width=\"1365\" title=\"Alina web\" onerror=\"this.style.display='none'\"  \/>\n<h3>\n\t\tAlina Torres\n\t<\/h3>\n\t<p>MARKETING Y POSICIONAMIENTO DIGITAL<\/p>\n\t\t\t\t<img loading=\"lazy\" decoding=\"async\" src=\"https:\/\/unofficialmedia.biz\/wp-content\/uploads\/2022\/05\/fotos-team.png\" alt=\"fotos team\" itemprop=\"image\" height=\"1080\" width=\"1080\" title=\"fotos team\" onerror=\"this.style.display='none'\"  \/>\n<h3>\n\t\tEllie Venegas\n\t<\/h3>\n\t<p>PRODUCCI\u00d3N &amp; REDES SOCIALES<\/p>\n\t<p>&nbsp;<\/p>\n<p>y una red de profesionales en diversas \u00e1reas involucrados en proyectos espec\u00edficos<\/p>\n\t<h3><a href=\"mailto:info@unofficialmedia.biz\" target=\"_blank\" rel=\"noopener\">CONTACTO<\/a><\/h3>\n<p>&nbsp;<\/p>\n\t<h3>\u00a9 2024, Unofficial Media LLC | All Rights Reserved<\/h3>\n\n","protected":false},"excerpt":{"rendered":"<p>Marketing. Creatividad. Producci\u00f3n. Servicios especializados para la industria del entretenimiento NUESTROS SERVICIOS contenido Desarrollo y gesti\u00f3n de contenido multiplataforma marketing musical Desarrollo de estrategias de marketing y\u00a0 project management producci\u00f3n Producciones de eventos y conferencias musicales y otras industrias QUI\u00c9NES SOMOS Fundadores: Julio Mu\u00f1iz y Ana Luisa Pati\u00f1o &nbsp; Ejecutivos de la industria de la&hellip;<\/p>\n","protected":false},"author":1,"featured_media":0,"parent":0,"menu_order":0,"comment_status":"closed","ping_status":"closed","template":"tpl-no-header-footer.php","meta":{"footnotes":""},"class_list":["post-87","page","type-page","status-publish","hentry"],"_links":{"self":[{"href":"https:\/\/unofficialmedia.biz\/index.php?rest_route=\/wp\/v2\/pages\/87","targetHints":{"allow":["GET"]}}],"collection":[{"href":"https:\/\/unofficialmedia.biz\/index.php?rest_route=\/wp\/v2\/pages"}],"about":[{"href":"https:\/\/unofficialmedia.biz\/index.php?rest_route=\/wp\/v2\/types\/page"}],"author":[{"embeddable":true,"href":"https:\/\/unofficialmedia.biz\/index.php?rest_route=\/wp\/v2\/users\/1"}],"replies":[{"embeddable":true,"href":"https:\/\/unofficialmedia.biz\/index.php?rest_route=%2Fwp%2Fv2%2Fcomments&post=87"}],"version-history":[{"count":5,"href":"https:\/\/unofficialmedia.biz\/index.php?rest_route=\/wp\/v2\/pages\/87\/revisions"}],"predecessor-version":[{"id":112,"href":"https:\/\/unofficialmedia.biz\/index.php?rest_route=\/wp\/v2\/pages\/87\/revisions\/112"}],"wp:attachment":[{"href":"https:\/\/unofficialmedia.biz\/index.php?rest_route=%2Fwp%2Fv2%2Fmedia&parent=87"}],"curies":[{"name":"wp","href":"https:\/\/api.w.org\/{rel}","templated":true}]}}